{"id":2887,"date":"2023-04-21T13:03:19","date_gmt":"2023-04-21T13:03:19","guid":{"rendered":"http:\/\/casonasdeavellaneda.es\/accepte-les-animaux-de-compagnie\/"},"modified":"2023-05-09T10:58:07","modified_gmt":"2023-05-09T10:58:07","slug":"accepte-les-animaux-de-compagnie","status":"publish","type":"page","link":"http:\/\/casonasdeavellaneda.es\/fr\/accepte-les-animaux-de-compagnie\/","title":{"rendered":"Pet Friendly"},"content":{"rendered":"<div class=\"wpb-content-wrapper\"><p>[vc_row][vc_column]<style type=\"text\/css\" data-type=\"the7_shortcodes-inline-css\">.gallery-shortcode.gallery-masonry-shortcode-id-303ec2f942c2ccf0fb21d51f3f1536e0 figure,\n.gallery-shortcode.gallery-masonry-shortcode-id-303ec2f942c2ccf0fb21d51f3f1536e0 .rollover,\n.gallery-shortcode.gallery-masonry-shortcode-id-303ec2f942c2ccf0fb21d51f3f1536e0 img,\n.gallery-shortcode.gallery-masonry-shortcode-id-303ec2f942c2ccf0fb21d51f3f1536e0 .gallery-rollover {\n  border-radius: 0px;\n}\n.gallery-shortcode.gallery-masonry-shortcode-id-303ec2f942c2ccf0fb21d51f3f1536e0.enable-bg-rollover .gallery-rollover {\n  background: -webkit-linear-gradient();\n  background: linear-gradient();\n}\n.gallery-shortcode.gallery-masonry-shortcode-id-303ec2f942c2ccf0fb21d51f3f1536e0.enable-bg-rollover.hover-scale figure .rollover:after {\n  background: -webkit-linear-gradient();\n  background: linear-gradient();\n}\n.gallery-shortcode.gallery-masonry-shortcode-id-303ec2f942c2ccf0fb21d51f3f1536e0 .gallery-zoom-ico {\n  width: 44px;\n  height: 44px;\n  line-height: 44px;\n  border-radius: 100px;\n  margin: -22px 0 0 -22px;\n  border-width: 0px;\n  color: #ffffff;\n}\n.dt-icon-bg-on.gallery-shortcode.gallery-masonry-shortcode-id-303ec2f942c2ccf0fb21d51f3f1536e0 .gallery-zoom-ico {\n  background: rgba(255,255,255,0.3);\n  box-shadow: none;\n}\n.gallery-shortcode.gallery-masonry-shortcode-id-303ec2f942c2ccf0fb21d51f3f1536e0 .gallery-zoom-ico:before,\n.gallery-shortcode.gallery-masonry-shortcode-id-303ec2f942c2ccf0fb21d51f3f1536e0 .gallery-zoom-ico span {\n  font-size: 32px;\n  line-height: 44px;\n  color: #ffffff;\n}\n.gallery-shortcode.gallery-masonry-shortcode-id-303ec2f942c2ccf0fb21d51f3f1536e0:not(.resize-by-browser-width) .dt-css-grid {\n  grid-row-gap: 10px;\n  grid-column-gap: 10px;\n  grid-template-columns: repeat(auto-fill,minmax(,1fr));\n}\n.gallery-shortcode.gallery-masonry-shortcode-id-303ec2f942c2ccf0fb21d51f3f1536e0:not(.resize-by-browser-width) .dt-css-grid .double-width {\n  grid-column: span 2;\n}\n.cssgridlegacy.no-cssgrid .gallery-shortcode.gallery-masonry-shortcode-id-303ec2f942c2ccf0fb21d51f3f1536e0:not(.resize-by-browser-width) .dt-css-grid,\n.no-cssgridlegacy.no-cssgrid .gallery-shortcode.gallery-masonry-shortcode-id-303ec2f942c2ccf0fb21d51f3f1536e0:not(.resize-by-browser-width) .dt-css-grid {\n  display: flex;\n  flex-flow: row wrap;\n  margin: -5px;\n}\n.cssgridlegacy.no-cssgrid .gallery-shortcode.gallery-masonry-shortcode-id-303ec2f942c2ccf0fb21d51f3f1536e0:not(.resize-by-browser-width) .dt-css-grid .wf-cell,\n.no-cssgridlegacy.no-cssgrid .gallery-shortcode.gallery-masonry-shortcode-id-303ec2f942c2ccf0fb21d51f3f1536e0:not(.resize-by-browser-width) .dt-css-grid .wf-cell {\n  flex: 1 0 ;\n  max-width: 100%;\n  padding: 5px;\n  box-sizing: border-box;\n}\n.gallery-shortcode.gallery-masonry-shortcode-id-303ec2f942c2ccf0fb21d51f3f1536e0.resize-by-browser-width .dt-css-grid {\n  grid-template-columns: repeat(3,1fr);\n  grid-template-rows: auto;\n  grid-column-gap: 10px;\n  grid-row-gap: 10px;\n}\n.gallery-shortcode.gallery-masonry-shortcode-id-303ec2f942c2ccf0fb21d51f3f1536e0.resize-by-browser-width .dt-css-grid .double-width {\n  grid-column: span 2;\n}\n.cssgridlegacy.no-cssgrid .gallery-shortcode.gallery-masonry-shortcode-id-303ec2f942c2ccf0fb21d51f3f1536e0.resize-by-browser-width .dt-css-grid {\n  margin: -5px;\n}\n.cssgridlegacy.no-cssgrid .gallery-shortcode.gallery-masonry-shortcode-id-303ec2f942c2ccf0fb21d51f3f1536e0.resize-by-browser-width .dt-css-grid .wf-cell {\n  width: 33.333333333333%;\n  padding: 5px;\n}\n.cssgridlegacy.no-cssgrid .gallery-shortcode.gallery-masonry-shortcode-id-303ec2f942c2ccf0fb21d51f3f1536e0.resize-by-browser-width .dt-css-grid .wf-cell.double-width {\n  width: calc(33.333333333333%) * 2;\n}\n.gallery-shortcode.gallery-masonry-shortcode-id-303ec2f942c2ccf0fb21d51f3f1536e0.resize-by-browser-width:not(.centered-layout-list):not(.content-bg-on) .dt-css-grid {\n  grid-row-gap: 10px - ;\n}\n@media screen and (max-width: 1199px) {\n  .gallery-shortcode.gallery-masonry-shortcode-id-303ec2f942c2ccf0fb21d51f3f1536e0.resize-by-browser-width .dt-css-grid {\n    grid-template-columns: repeat(3,1fr);\n  }\n  .cssgridlegacy.no-cssgrid .gallery-shortcode.gallery-masonry-shortcode-id-303ec2f942c2ccf0fb21d51f3f1536e0.resize-by-browser-width .dt-css-grid .wf-cell,\n  .no-cssgridlegacy.no-cssgrid .gallery-shortcode.gallery-masonry-shortcode-id-303ec2f942c2ccf0fb21d51f3f1536e0.resize-by-browser-width .dt-css-grid .wf-cell {\n    width: 33.333333333333%;\n  }\n  .cssgridlegacy.no-cssgrid .gallery-shortcode.gallery-masonry-shortcode-id-303ec2f942c2ccf0fb21d51f3f1536e0.resize-by-browser-width .dt-css-grid .wf-cell.double-width,\n  .no-cssgridlegacy.no-cssgrid .gallery-shortcode.gallery-masonry-shortcode-id-303ec2f942c2ccf0fb21d51f3f1536e0.resize-by-browser-width .dt-css-grid .wf-cell.double-width {\n    width: calc(33.333333333333%)*2;\n  }\n}\n@media screen and (max-width: 991px) {\n  .gallery-shortcode.gallery-masonry-shortcode-id-303ec2f942c2ccf0fb21d51f3f1536e0.resize-by-browser-width .dt-css-grid {\n    grid-template-columns: repeat(3,1fr);\n  }\n  .cssgridlegacy.no-cssgrid .gallery-shortcode.gallery-masonry-shortcode-id-303ec2f942c2ccf0fb21d51f3f1536e0.resize-by-browser-width .dt-css-grid .wf-cell,\n  .no-cssgridlegacy.no-cssgrid .gallery-shortcode.gallery-masonry-shortcode-id-303ec2f942c2ccf0fb21d51f3f1536e0.resize-by-browser-width .dt-css-grid .wf-cell {\n    width: 33.333333333333%;\n  }\n  .cssgridlegacy.no-cssgrid .gallery-shortcode.gallery-masonry-shortcode-id-303ec2f942c2ccf0fb21d51f3f1536e0.resize-by-browser-width .dt-css-grid .wf-cell.double-width,\n  .no-cssgridlegacy.no-cssgrid .gallery-shortcode.gallery-masonry-shortcode-id-303ec2f942c2ccf0fb21d51f3f1536e0.resize-by-browser-width .dt-css-grid .wf-cell.double-width {\n    width: calc(33.333333333333%)*2;\n  }\n}\n@media screen and (max-width: 767px) {\n  .gallery-shortcode.gallery-masonry-shortcode-id-303ec2f942c2ccf0fb21d51f3f1536e0.resize-by-browser-width .dt-css-grid {\n    grid-template-columns: repeat(2,1fr);\n  }\n  .cssgridlegacy.no-cssgrid .gallery-shortcode.gallery-masonry-shortcode-id-303ec2f942c2ccf0fb21d51f3f1536e0.resize-by-browser-width .dt-css-grid .wf-cell,\n  .no-cssgridlegacy.no-cssgrid .gallery-shortcode.gallery-masonry-shortcode-id-303ec2f942c2ccf0fb21d51f3f1536e0.resize-by-browser-width .dt-css-grid .wf-cell {\n    width: 50%;\n  }\n  .cssgridlegacy.no-cssgrid .gallery-shortcode.gallery-masonry-shortcode-id-303ec2f942c2ccf0fb21d51f3f1536e0.resize-by-browser-width .dt-css-grid .wf-cell.double-width,\n  .no-cssgridlegacy.no-cssgrid .gallery-shortcode.gallery-masonry-shortcode-id-303ec2f942c2ccf0fb21d51f3f1536e0.resize-by-browser-width .dt-css-grid .wf-cell.double-width {\n    width: calc(50%)*2;\n  }\n}<\/style><div class=\"gallery-shortcode dt-gallery-container gallery-masonry-shortcode-id-303ec2f942c2ccf0fb21d51f3f1536e0 mode-masonry jquery-filter dt-icon-bg-off quick-scale-img enable-bg-rollover resize-by-browser-width  hover-fade loading-effect-none description-on-hover\" data-padding=\"5px\" data-cur-page=\"1\" data-post-limit=\"-1\" data-pagination-mode=\"none\" data-desktop-columns-num=\"3\" data-v-tablet-columns-num=\"3\" data-h-tablet-columns-num=\"3\" data-phone-columns-num=\"2\" data-width=\"0px\" data-columns=\"0\"><div class=\"iso-container\" ><div class=\"wf-cell iso-item\" data-post-id=\"2708\" data-date=\"2023-04-25T07:57:00+00:00\" data-name=\"Conejo\"><figure class=\"post visible\"><a href=\"http:\/\/casonasdeavellaneda.es\/wp-content\/uploads\/2023\/04\/Conejo.jpg\" class=\"rollover dt-pswp-item layzr-bg\" data-large_image_width=\"1536\" data-large_image_height=\"2048\" data-dt-img-description=\"\" title=\"Conejo\"><img fetchpriority=\"high\" decoding=\"async\" class=\"preload-me iso-lazy-load aspect\" src=\"data:image\/svg+xml,%3Csvg%20xmlns%3D&#39;http%3A%2F%2Fwww.w3.org%2F2000%2Fsvg&#39;%20viewBox%3D&#39;0%200%20379%20505&#39;%2F%3E\" data-src=\"http:\/\/casonasdeavellaneda.es\/wp-content\/uploads\/2023\/04\/Conejo-379x505.jpg\" data-srcset=\"http:\/\/casonasdeavellaneda.es\/wp-content\/uploads\/2023\/04\/Conejo-379x505.jpg 379w, http:\/\/casonasdeavellaneda.es\/wp-content\/uploads\/2023\/04\/Conejo-569x758.jpg 569w\" loading=\"eager\" style=\"--ratio: 379 \/ 505\" sizes=\"(max-width: 379px) 100vw, 379px\" alt=\"\" width=\"379\" height=\"505\"  \/><span class=\"gallery-rollover\"><span class=\"gallery-zoom-ico icomoon-the7-font-the7-zoom-06\"><span><\/span><\/span><\/span><\/a><\/figure><\/div><div class=\"wf-cell iso-item\" data-post-id=\"2660\" data-date=\"2023-04-20T17:55:16+00:00\" data-name=\"11e2e07f-a780-422c-afce-813fb7414842\"><figure class=\"post visible\"><a href=\"http:\/\/casonasdeavellaneda.es\/wp-content\/uploads\/2023\/04\/11e2e07f-a780-422c-afce-813fb7414842.jpg\" class=\"rollover dt-pswp-item layzr-bg\" data-large_image_width=\"1536\" data-large_image_height=\"2048\" data-dt-img-description=\"\" title=\"11e2e07f-a780-422c-afce-813fb7414842\"><img decoding=\"async\" class=\"preload-me iso-lazy-load aspect\" src=\"data:image\/svg+xml,%3Csvg%20xmlns%3D&#39;http%3A%2F%2Fwww.w3.org%2F2000%2Fsvg&#39;%20viewBox%3D&#39;0%200%20379%20505&#39;%2F%3E\" data-src=\"http:\/\/casonasdeavellaneda.es\/wp-content\/uploads\/2023\/04\/11e2e07f-a780-422c-afce-813fb7414842-379x505.jpg\" data-srcset=\"http:\/\/casonasdeavellaneda.es\/wp-content\/uploads\/2023\/04\/11e2e07f-a780-422c-afce-813fb7414842-379x505.jpg 379w, http:\/\/casonasdeavellaneda.es\/wp-content\/uploads\/2023\/04\/11e2e07f-a780-422c-afce-813fb7414842-569x758.jpg 569w\" loading=\"eager\" style=\"--ratio: 379 \/ 505\" sizes=\"(max-width: 379px) 100vw, 379px\" alt=\"\" width=\"379\" height=\"505\"  \/><span class=\"gallery-rollover\"><span class=\"gallery-zoom-ico icomoon-the7-font-the7-zoom-06\"><span><\/span><\/span><\/span><\/a><\/figure><\/div><div class=\"wf-cell iso-item\" data-post-id=\"2810\" data-date=\"2023-04-26T17:16:59+00:00\" data-name=\"Teo jard\u00edn\"><figure class=\"post visible\"><a href=\"http:\/\/casonasdeavellaneda.es\/wp-content\/uploads\/2023\/04\/Teo-jardin.jpg\" class=\"rollover dt-pswp-item layzr-bg\" data-large_image_width=\"1504\" data-large_image_height=\"2006\" data-dt-img-description=\"\" title=\"Teo jard\u00edn\"><img decoding=\"async\" class=\"preload-me iso-lazy-load aspect\" src=\"data:image\/svg+xml,%3Csvg%20xmlns%3D&#39;http%3A%2F%2Fwww.w3.org%2F2000%2Fsvg&#39;%20viewBox%3D&#39;0%200%20379%20506&#39;%2F%3E\" data-src=\"http:\/\/casonasdeavellaneda.es\/wp-content\/uploads\/2023\/04\/Teo-jardin-379x506.jpg\" data-srcset=\"http:\/\/casonasdeavellaneda.es\/wp-content\/uploads\/2023\/04\/Teo-jardin-379x506.jpg 379w, http:\/\/casonasdeavellaneda.es\/wp-content\/uploads\/2023\/04\/Teo-jardin-569x759.jpg 569w\" loading=\"eager\" style=\"--ratio: 379 \/ 506\" sizes=\"(max-width: 379px) 100vw, 379px\" alt=\"Foto mascota perruna en el jard\u00edn\" width=\"379\" height=\"506\"  \/><span class=\"gallery-rollover\"><span class=\"gallery-zoom-ico icomoon-the7-font-the7-zoom-06\"><span><\/span><\/span><\/span><\/a><\/figure><\/div><\/div><!-- iso-container|iso-grid --><\/div>[vc_empty_space height=\u00a0\u00bb64px\u00a0\u00bb][\/vc_column][\/vc_row][vc_row][vc_column]<div id=\"ultimate-heading-26256a04e8796e6ac\" class=\"uvc-heading ult-adjust-bottom-margin ultimate-heading-26256a04e8796e6ac uvc-107  uvc-heading-default-font-sizes\" data-hspacer=\"no_spacer\"  data-halign=\"center\" style=\"text-align:center\"><div class=\"uvc-heading-spacer no_spacer\" style=\"top\"><\/div><div class=\"uvc-main-heading ult-responsive\"  data-ultimate-target='.uvc-heading.ultimate-heading-26256a04e8796e6ac h2'  data-responsive-json-new='{\"font-size\":\"\",\"line-height\":\"\"}' ><h2 style=\"--font-weight:theme;margin-bottom:50px;\">R\u00e8gles pour animaux de compagnie<\/h2><\/div><\/div>[vc_column_text]<\/p>\n<h2 style=\"text-transform: none!important;\"><strong>Important : Pr\u00e9venez-nous \u00e0 l&rsquo;avance si vous allez amener un animal de compagnie<\/strong><\/h2>\n<ul>\n<li>Tous les types d&rsquo;animaux class\u00e9s comme tr\u00e8s dangereux, ill\u00e9gaux, les animaux qui ne sont pas des compagnons sont exclus.<\/li>\n<li>Les animaux pesant plus de 15 kilos ne seront pas admis.<\/li>\n<li>Les animaux ne sont pas autoris\u00e9s sur les lits, les canap\u00e9s ou le reste du mobilier de l&rsquo;h\u00f4tel.<\/li>\n<li>Le linge de lit ou de bain appartenant au logement pour l&rsquo;utilisation de l&rsquo;animal ne sera pas utilis\u00e9.<\/li>\n<li>Les propri\u00e9taires auront l&rsquo;obligation de maintenir l&rsquo;animal dans des conditions d&rsquo;hygi\u00e8ne et sanitaires optimales pendant le s\u00e9jour.<\/li>\n<li>Les propri\u00e9taires seront enti\u00e8rement responsables du comportement de l&rsquo;animal, ainsi que des \u00e9ventuels dommages caus\u00e9s \u00e0 des tiers ou aux biens de l&rsquo;h\u00e9bergement.<\/li>\n<li>Il est strictement interdit de laisser l&rsquo;animal seul dans l&rsquo;enceinte de l&rsquo;h\u00f4tel, sauf au petit d\u00e9jeuner, l&rsquo;acc\u00e8s des animaux \u00e0 la salle \u00e0 manger \u00e9tant totalement interdit.<\/li>\n<li>Si en raison d&rsquo;un cas de force majeure vous ne pouvez pas l&#8217;emporter avec vous, vous devez en informer le personnel de l&rsquo;h\u00f4tel.<\/li>\n<li>Il est strictement interdit de laisser l&rsquo;animal en libert\u00e9 et seul dans la maison. Dans les espaces communs, le propri\u00e9taire veillera au bon comportement de l&rsquo;animal vis-\u00e0-vis de l&rsquo;\u00e9tablissement et \u00e0 la cohabitation avec le reste des h\u00f4tes et\/ou les autres animaux domestiques h\u00e9berg\u00e9s.<\/li>\n<li>En raison de la n\u00e9cessit\u00e9 d&rsquo;un nettoyage suppl\u00e9mentaire, un montant de 10 euros par animal et par jour sera factur\u00e9.<\/li>\n<\/ul>\n<h2 style=\"text-transform: none!important;\">Merci de votre collaboration.<\/h2>\n<p>[\/vc_column_text][vc_empty_space]<style type=\"text\/css\" data-type=\"the7_shortcodes-inline-css\">#default-btn-12e75bf5a8697624660319c1bcbda8c3.ico-right-side > i {\n  margin-right: 0px;\n  margin-left: 8px;\n}\n#default-btn-12e75bf5a8697624660319c1bcbda8c3 > i {\n  margin-right: 8px;\n}<\/style><div class=\"btn-align-center\"><a href=\"http:\/\/casonasdeavellaneda.es\/reservas\/reservas.html\" class=\"default-btn-shortcode dt-btn dt-btn-l link-hover-off \" id=\"default-btn-12e75bf5a8697624660319c1bcbda8c3\"><span>Hacer Reserva<\/span><\/a><\/div>[\/vc_column][\/vc_row]<\/p>\n<\/div>","protected":false},"excerpt":{"rendered":"<p>[vc_row][vc_column][vc_empty_space height=\u00a0\u00bb64px\u00a0\u00bb][\/vc_column][\/vc_row][vc_row][vc_column][vc_column_text] Important : Pr\u00e9venez-nous \u00e0 l&rsquo;avance si vous allez amener un animal de compagnie Tous les types d&rsquo;animaux class\u00e9s comme tr\u00e8s dangereux, ill\u00e9gaux, les animaux qui ne sont pas des compagnons sont exclus. Les animaux pesant plus de 15 kilos ne seront pas admis. Les animaux ne sont pas autoris\u00e9s sur les lits, les&hellip;<\/p>\n","protected":false},"author":1,"featured_media":0,"parent":0,"menu_order":0,"comment_status":"closed","ping_status":"closed","template":"","meta":{"_monsterinsights_skip_tracking":false,"_monsterinsights_sitenote_active":false,"_monsterinsights_sitenote_note":"","_monsterinsights_sitenote_category":0,"_joinchat":[],"footnotes":""},"class_list":["post-2887","page","type-page","status-publish","hentry","description-off"],"yoast_head":"<!-- This site is optimized with the Yoast SEO plugin v27.6 - https:\/\/yoast.com\/product\/yoast-seo-wordpress\/ -->\n<title>Pet Friendly - Casonas de Avellaneda<\/title>\n<meta name=\"robots\" content=\"index, follow, max-snippet:-1, max-image-preview:large, max-video-preview:-1\" \/>\n<link rel=\"canonical\" href=\"http:\/\/casonasdeavellaneda.es\/fr\/accepte-les-animaux-de-compagnie\/\" \/>\n<meta property=\"og:locale\" content=\"fr_FR\" \/>\n<meta property=\"og:type\" content=\"article\" \/>\n<meta property=\"og:title\" content=\"Pet Friendly - Casonas de Avellaneda\" \/>\n<meta property=\"og:description\" content=\"[vc_row][vc_column][vc_empty_space height=\u00a0\u00bb64px\u00a0\u00bb][\/vc_column][\/vc_row][vc_row][vc_column][vc_column_text] Important : Pr\u00e9venez-nous \u00e0 l&rsquo;avance si vous allez amener un animal de compagnie Tous les types d&rsquo;animaux class\u00e9s comme tr\u00e8s dangereux, ill\u00e9gaux, les animaux qui ne sont pas des compagnons sont exclus. Les animaux pesant plus de 15 kilos ne seront pas admis. Les animaux ne sont pas autoris\u00e9s sur les lits, les&hellip;\" \/>\n<meta property=\"og:url\" content=\"http:\/\/casonasdeavellaneda.es\/fr\/accepte-les-animaux-de-compagnie\/\" \/>\n<meta property=\"og:site_name\" content=\"Casonas de Avellaneda\" \/>\n<meta property=\"article:publisher\" content=\"https:\/\/www.facebook.com\/casonasdeavellaneda\/\" \/>\n<meta property=\"article:modified_time\" content=\"2023-05-09T10:58:07+00:00\" \/>\n<meta name=\"twitter:card\" content=\"summary_large_image\" \/>\n<meta name=\"twitter:label1\" content=\"Dur\u00e9e de lecture estim\u00e9e\" \/>\n\t<meta name=\"twitter:data1\" content=\"2 minutes\" \/>\n<script type=\"application\/ld+json\" class=\"yoast-schema-graph\">{\"@context\":\"https:\\\/\\\/schema.org\",\"@graph\":[{\"@type\":\"WebPage\",\"@id\":\"http:\\\/\\\/casonasdeavellaneda.es\\\/fr\\\/accepte-les-animaux-de-compagnie\\\/\",\"url\":\"http:\\\/\\\/casonasdeavellaneda.es\\\/fr\\\/accepte-les-animaux-de-compagnie\\\/\",\"name\":\"Pet Friendly - Casonas de Avellaneda\",\"isPartOf\":{\"@id\":\"https:\\\/\\\/casonasdeavellaneda.es\\\/fr\\\/#website\"},\"datePublished\":\"2023-04-21T13:03:19+00:00\",\"dateModified\":\"2023-05-09T10:58:07+00:00\",\"breadcrumb\":{\"@id\":\"http:\\\/\\\/casonasdeavellaneda.es\\\/fr\\\/accepte-les-animaux-de-compagnie\\\/#breadcrumb\"},\"inLanguage\":\"fr-FR\",\"potentialAction\":[{\"@type\":\"ReadAction\",\"target\":[\"http:\\\/\\\/casonasdeavellaneda.es\\\/fr\\\/accepte-les-animaux-de-compagnie\\\/\"]}]},{\"@type\":\"BreadcrumbList\",\"@id\":\"http:\\\/\\\/casonasdeavellaneda.es\\\/fr\\\/accepte-les-animaux-de-compagnie\\\/#breadcrumb\",\"itemListElement\":[{\"@type\":\"ListItem\",\"position\":1,\"name\":\"Portada\",\"item\":\"https:\\\/\\\/casonasdeavellaneda.es\\\/fr\\\/\"},{\"@type\":\"ListItem\",\"position\":2,\"name\":\"Pet Friendly\"}]},{\"@type\":\"WebSite\",\"@id\":\"https:\\\/\\\/casonasdeavellaneda.es\\\/fr\\\/#website\",\"url\":\"https:\\\/\\\/casonasdeavellaneda.es\\\/fr\\\/\",\"name\":\"Casonas de Avellaneda\",\"description\":\"\",\"publisher\":{\"@id\":\"https:\\\/\\\/casonasdeavellaneda.es\\\/fr\\\/#organization\"},\"potentialAction\":[{\"@type\":\"SearchAction\",\"target\":{\"@type\":\"EntryPoint\",\"urlTemplate\":\"https:\\\/\\\/casonasdeavellaneda.es\\\/fr\\\/?s={search_term_string}\"},\"query-input\":{\"@type\":\"PropertyValueSpecification\",\"valueRequired\":true,\"valueName\":\"search_term_string\"}}],\"inLanguage\":\"fr-FR\"},{\"@type\":\"Organization\",\"@id\":\"https:\\\/\\\/casonasdeavellaneda.es\\\/fr\\\/#organization\",\"name\":\"Casonas de Avellaneda\",\"url\":\"https:\\\/\\\/casonasdeavellaneda.es\\\/fr\\\/\",\"logo\":{\"@type\":\"ImageObject\",\"inLanguage\":\"fr-FR\",\"@id\":\"https:\\\/\\\/casonasdeavellaneda.es\\\/fr\\\/#\\\/schema\\\/logo\\\/image\\\/\",\"url\":\"http:\\\/\\\/casonasdeavellaneda.es\\\/wp-content\\\/uploads\\\/2023\\\/04\\\/LogoTextoBlanco.png\",\"contentUrl\":\"http:\\\/\\\/casonasdeavellaneda.es\\\/wp-content\\\/uploads\\\/2023\\\/04\\\/LogoTextoBlanco.png\",\"width\":300,\"height\":120,\"caption\":\"Casonas de Avellaneda\"},\"image\":{\"@id\":\"https:\\\/\\\/casonasdeavellaneda.es\\\/fr\\\/#\\\/schema\\\/logo\\\/image\\\/\"},\"sameAs\":[\"https:\\\/\\\/www.facebook.com\\\/casonasdeavellaneda\\\/\",\"https:\\\/\\\/www.instagram.com\\\/casonasdeavellaneda\\\/\"]}]}<\/script>\n<!-- \/ Yoast SEO plugin. -->","yoast_head_json":{"title":"Pet Friendly - Casonas de Avellaneda","robots":{"index":"index","follow":"follow","max-snippet":"max-snippet:-1","max-image-preview":"max-image-preview:large","max-video-preview":"max-video-preview:-1"},"canonical":"http:\/\/casonasdeavellaneda.es\/fr\/accepte-les-animaux-de-compagnie\/","og_locale":"fr_FR","og_type":"article","og_title":"Pet Friendly - Casonas de Avellaneda","og_description":"[vc_row][vc_column][vc_empty_space height=\u00a0\u00bb64px\u00a0\u00bb][\/vc_column][\/vc_row][vc_row][vc_column][vc_column_text] Important : Pr\u00e9venez-nous \u00e0 l&rsquo;avance si vous allez amener un animal de compagnie Tous les types d&rsquo;animaux class\u00e9s comme tr\u00e8s dangereux, ill\u00e9gaux, les animaux qui ne sont pas des compagnons sont exclus. Les animaux pesant plus de 15 kilos ne seront pas admis. Les animaux ne sont pas autoris\u00e9s sur les lits, les&hellip;","og_url":"http:\/\/casonasdeavellaneda.es\/fr\/accepte-les-animaux-de-compagnie\/","og_site_name":"Casonas de Avellaneda","article_publisher":"https:\/\/www.facebook.com\/casonasdeavellaneda\/","article_modified_time":"2023-05-09T10:58:07+00:00","twitter_card":"summary_large_image","twitter_misc":{"Dur\u00e9e de lecture estim\u00e9e":"2 minutes"},"schema":{"@context":"https:\/\/schema.org","@graph":[{"@type":"WebPage","@id":"http:\/\/casonasdeavellaneda.es\/fr\/accepte-les-animaux-de-compagnie\/","url":"http:\/\/casonasdeavellaneda.es\/fr\/accepte-les-animaux-de-compagnie\/","name":"Pet Friendly - Casonas de Avellaneda","isPartOf":{"@id":"https:\/\/casonasdeavellaneda.es\/fr\/#website"},"datePublished":"2023-04-21T13:03:19+00:00","dateModified":"2023-05-09T10:58:07+00:00","breadcrumb":{"@id":"http:\/\/casonasdeavellaneda.es\/fr\/accepte-les-animaux-de-compagnie\/#breadcrumb"},"inLanguage":"fr-FR","potentialAction":[{"@type":"ReadAction","target":["http:\/\/casonasdeavellaneda.es\/fr\/accepte-les-animaux-de-compagnie\/"]}]},{"@type":"BreadcrumbList","@id":"http:\/\/casonasdeavellaneda.es\/fr\/accepte-les-animaux-de-compagnie\/#breadcrumb","itemListElement":[{"@type":"ListItem","position":1,"name":"Portada","item":"https:\/\/casonasdeavellaneda.es\/fr\/"},{"@type":"ListItem","position":2,"name":"Pet Friendly"}]},{"@type":"WebSite","@id":"https:\/\/casonasdeavellaneda.es\/fr\/#website","url":"https:\/\/casonasdeavellaneda.es\/fr\/","name":"Casonas de Avellaneda","description":"","publisher":{"@id":"https:\/\/casonasdeavellaneda.es\/fr\/#organization"},"potentialAction":[{"@type":"SearchAction","target":{"@type":"EntryPoint","urlTemplate":"https:\/\/casonasdeavellaneda.es\/fr\/?s={search_term_string}"},"query-input":{"@type":"PropertyValueSpecification","valueRequired":true,"valueName":"search_term_string"}}],"inLanguage":"fr-FR"},{"@type":"Organization","@id":"https:\/\/casonasdeavellaneda.es\/fr\/#organization","name":"Casonas de Avellaneda","url":"https:\/\/casonasdeavellaneda.es\/fr\/","logo":{"@type":"ImageObject","inLanguage":"fr-FR","@id":"https:\/\/casonasdeavellaneda.es\/fr\/#\/schema\/logo\/image\/","url":"http:\/\/casonasdeavellaneda.es\/wp-content\/uploads\/2023\/04\/LogoTextoBlanco.png","contentUrl":"http:\/\/casonasdeavellaneda.es\/wp-content\/uploads\/2023\/04\/LogoTextoBlanco.png","width":300,"height":120,"caption":"Casonas de Avellaneda"},"image":{"@id":"https:\/\/casonasdeavellaneda.es\/fr\/#\/schema\/logo\/image\/"},"sameAs":["https:\/\/www.facebook.com\/casonasdeavellaneda\/","https:\/\/www.instagram.com\/casonasdeavellaneda\/"]}]}},"_links":{"self":[{"href":"http:\/\/casonasdeavellaneda.es\/fr\/wp-json\/wp\/v2\/pages\/2887","targetHints":{"allow":["GET"]}}],"collection":[{"href":"http:\/\/casonasdeavellaneda.es\/fr\/wp-json\/wp\/v2\/pages"}],"about":[{"href":"http:\/\/casonasdeavellaneda.es\/fr\/wp-json\/wp\/v2\/types\/page"}],"author":[{"embeddable":true,"href":"http:\/\/casonasdeavellaneda.es\/fr\/wp-json\/wp\/v2\/users\/1"}],"replies":[{"embeddable":true,"href":"http:\/\/casonasdeavellaneda.es\/fr\/wp-json\/wp\/v2\/comments?post=2887"}],"version-history":[{"count":13,"href":"http:\/\/casonasdeavellaneda.es\/fr\/wp-json\/wp\/v2\/pages\/2887\/revisions"}],"predecessor-version":[{"id":3071,"href":"http:\/\/casonasdeavellaneda.es\/fr\/wp-json\/wp\/v2\/pages\/2887\/revisions\/3071"}],"wp:attachment":[{"href":"http:\/\/casonasdeavellaneda.es\/fr\/wp-json\/wp\/v2\/media?parent=2887"}],"curies":[{"name":"wp","href":"https:\/\/api.w.org\/{rel}","templated":true}]}}