{"id":2888,"date":"2023-04-19T12:28:59","date_gmt":"2023-04-19T12:28:59","guid":{"rendered":"http:\/\/casonasdeavellaneda.es\/politique-de-confidentialite\/"},"modified":"2023-05-04T09:10:18","modified_gmt":"2023-05-04T09:10:18","slug":"politique-de-confidentialite","status":"publish","type":"page","link":"https:\/\/casonasdeavellaneda.es\/fr\/politique-de-confidentialite\/","title":{"rendered":"Politique de confidentialit\u00e9"},"content":{"rendered":"\n<h4 class=\"wp-block-heading\">TRAITEMENT DES DONN\u00c9ES PERSONNELLES<\/h4>\n<p>Conform\u00e9ment aux dispositions de la loi organique 15\/1999 du 13 d\u00e9cembre sur la protection des donn\u00e9es personnelles et du nouveau r\u00e8glement g\u00e9n\u00e9ral sur la protection des donn\u00e9es (RGPD), Nuria Garc\u00eda Gonz\u00e1lez avec DNI 45431489A vous informe que les donn\u00e9es collect\u00e9es dans le <a href=\"http:\/\/casonasdeavellaneda.es\/fr\/contact\/\">Formulaire de contact<\/a> ont \u00e9t\u00e9 obtenues l\u00e9gitimement et ont \u00e9t\u00e9 incorpor\u00e9es dans un fichier automatis\u00e9 appartenant \u00e0 notre entit\u00e9, qui assume et a mis en \u0153uvre les mesures techniques, organisationnelles et de s\u00e9curit\u00e9 garantissant la confidentialit\u00e9 et l&rsquo;int\u00e9grit\u00e9 des informations conform\u00e9ment \u00e0 la l\u00e9gislation en vigueur. Las Casonas d&rsquo;Avellaneda conservera ces donn\u00e9es ind\u00e9finiment \u00e0 moins que vous ne demandiez leur suppression<\/p>\n<p><strong> <\/strong><\/p>\n<p><strong>Qui est RESPONSABLE de la protection des donn\u00e9es ?<\/strong><\/p>\n<p>Le responsable des donn\u00e9es collect\u00e9es via le formulaire de contact Web est Nuria Garc\u00eda Gonz\u00e1lez dont les propres donn\u00e9es sont :<\/p>\n<p> Adresse postale : La Colorada \u2013 33710 \u2013 Navia<br> T\u00e9l\u00e9phone: <a href=\"tel:669742974\">669 74 29 74<\/a><br> Courrier \u00e9lectronique: <a href=\"mailto:info@casonasdeavellaneda.es\">info@casonasdeavellaneda.es<\/a><br> D\u00e9l\u00e9gu\u00e9 \u00e0 la protection des donn\u00e9es: <a href=\"mailto:info@casonasdeavellaneda.es\">info@casonasdeavellaneda.es<\/a><\/p>\n<p><strong> <\/strong><\/p>\n<p><strong>Dans quel BUT traitons-nous les donn\u00e9es personnelles ?<\/strong><\/p>\n<p>Le traitement des donn\u00e9es collect\u00e9es a pour finalit\u00e9 de r\u00e9pondre \u00e0 votre demande de contact et de vous proposer une r\u00e9ponse personnalis\u00e9e.<\/p>\n<p><strong> Quelle est la L\u00c9GITIMATION du traitement des donn\u00e9es ?<\/strong><\/p>\n<p>Pour des raisons \u00e9videntes, nous devons obtenir les coordonn\u00e9es des personnes qui nous demandent des informations.<strong><br><\/strong><\/p>\n<p><strong>Qui sont les DESTINATAIRES des donn\u00e9es ?<\/strong><\/p>\n<p>Les destinataires des donn\u00e9es fournies sont le personnel de Las Casonas d&rsquo;Avellaneda qui acc\u00e9dera \u00e0 ces informations dans l&rsquo;exercice de leur activit\u00e9 professionnelle.<\/p>\n<p><strong>Quels sont vos DROITS lorsque vous nous fournissez vos donn\u00e9es ?<\/strong><\/p>\n<p>Vous avez le droit de :<\/p>\n<ul>\n<li>Demander l&rsquo;acc\u00e8s \u00e0 vos donn\u00e9es personnelles<\/li>\n<li>Demander sa rectification ou sa suppression<\/li>\n<li>Demander la limitation de votre traitement<\/li>\n<li>S&rsquo;opposer au traitement des donn\u00e9es<\/li>\n<li>Demander la portabilit\u00e9 des donn\u00e9es<\/li>\n<li>Demander la portabilit\u00e9 des donn\u00e9es<\/li>\n<\/ul>\n<p>&nbsp;<\/p>\n<h4>COOKIES <\/h4>\n<h4>Qu&rsquo;est-ce qu&rsquo;un cookie ?<\/h4>\n<p>Un cookie est un petit fichier de lettres et de chiffres qui est t\u00e9l\u00e9charg\u00e9 sur votre terminal (ordinateur\/smartphone\/tablette) lors de l&rsquo;acc\u00e8s \u00e0 certaines pages web pour stocker et r\u00e9cup\u00e9rer des informations relatives \u00e0 la navigation qui est effectu\u00e9e depuis ledit terminal. Les cookies permettent, entre autres, de stocker et de r\u00e9cup\u00e9rer des informations sur les habitudes de navigation d&rsquo;un utilisateur ou de son ordinateur, de voir quelles pages sont visit\u00e9es, le temps de connexion, d&rsquo;analyser le fonctionnement d&rsquo;une page, s&rsquo;il y a des probl\u00e8mes techniques, etc. En fonction des informations qu&rsquo;ils contiennent et de l&rsquo;utilisation du terminal, ils peuvent \u00eatre utilis\u00e9s pour reconna\u00eetre l&rsquo;utilisateur.<\/p>\n<h4>Quels types de cookies existent ?<\/h4>\n<p>Il existe plusieurs types de cookies selon diff\u00e9rents crit\u00e8res :<\/p>\n<ul>\n<li>Selon la propri\u00e9t\u00e9 :\n<ul>\n<li>Cookies propres: Ce sont ceux qui appartiennent \u00e0 casonasdeavellaneda.es<\/li>\n<li>Cookies tiers : ce sont ceux qui appartiennent \u00e0 un tiers -autre que casonasdeavellaneda.es-, qui traitera les informations collect\u00e9es.<\/li>\n<\/ul>\n<\/li>\n<li>Selon son objectif :\n<ul>\n<li>Cookies techniques et\/ou de personnalisation : Ce sont ceux qui servent \u00e0 am\u00e9liorer le service, localiser les incidents, reconna\u00eetre l&rsquo;utilisateur, etc. Ils sont strictement n\u00e9cessaires \u00e0 l&rsquo;identification de l&rsquo;utilisateur et au contr\u00f4le de la session d&rsquo;utilisation du site.<\/li>\n<li>Cookies d&rsquo;analyse et\/ou publicitaires : Ce sont ceux qui sont utilis\u00e9s pour analyser les informations de navigation et proposer des publicit\u00e9s, qu&rsquo;elles soient g\u00e9n\u00e9riques ou personnalis\u00e9es.<\/li>\n<\/ul>\n<\/li>\n<\/ul>\n<h4>Mon consentement est-il n\u00e9cessaire pour implanter un cookie ?<\/h4>\n<p>Le consentement n&rsquo;est pas requis pour l&rsquo;installation de cookies techniques ou ceux strictement n\u00e9cessaires \u00e0 la fourniture d&rsquo;un service de la soci\u00e9t\u00e9 de l&rsquo;information express\u00e9ment demand\u00e9 par le destinataire.<\/p>\n<p>Pour le reste, le consentement de l&rsquo;int\u00e9ress\u00e9 est requis, qui peut \u00eatre demand\u00e9 de diff\u00e9rentes mani\u00e8res. Dans le cas de casonasdeavellaneda.es, il sera consid\u00e9r\u00e9 comme accord\u00e9 si vous continuez \u00e0 utiliser le site Web, m\u00eame si vous pouvez le r\u00e9voquer \u00e0 tout moment et d\u00e9sactiver les cookies.<\/p>\n<h4>Quels cookies utilise actuellement casonasdeavellaneda.es ?<\/h4>\n<p>Nous utilisons nos propres cookies pour contr\u00f4ler les sessions des utilisateurs lors de la navigation sur le site Web. Nous utilisons actuellement des cookies tiers, en particulier Google, pour l&rsquo;analyse des visites sur <strong>casonasdeavellaneda.es.<br><\/strong><\/p>\n<p>Certains ou tous les cookies identifi\u00e9s ci-dessous peuvent \u00eatre stock\u00e9s sur votre ordinateur :<\/p>\n<table border=\"0\">\n<tbody>\n<tr>\n<td colspan=\"4\"><strong>Quels cookies utilise actuellement casonasdeavellaneda.es ?<\/strong><\/td>\n<\/tr>\n<tr>\n<td align=\"center\"><strong> TYPE<\/strong><\/td>\n<td align=\"center\"> <strong>NOM<\/strong><\/td>\n<td align=\"center\"> <strong>PRESTATIONS DE SERVICE<\/strong><\/td>\n<td align=\"center\"> <strong>DESCRIPTION<\/strong><\/td>\n<\/tr>\n<tr>\n<td colspan=\"4\" align=\"center\"><strong> POSS\u00c9DER<\/strong><\/td>\n<\/tr>\n<tr valign=\"top\">\n<td> Technique<\/td>\n<td>SERVERID31394<\/td>\n<td> Cookie de session <strong>casonasdeavellaneda.es<\/strong><\/td>\n<td>Cookie de session qui garantit la navigation sur le site<\/td>\n<\/tr>\n<tr>\n<td colspan=\"4\" align=\"center\"><strong> TIERS<\/strong><\/td>\n<\/tr>\n<tr valign=\"top\">\n<td> Technique<\/td>\n<td>NID<\/td>\n<td> Google<\/td>\n<td>Affichage des cartes \u00e0 l&rsquo;aide de Google Maps<\/td>\n<\/tr>\n<tr valign=\"top\">\n<td> Technique<\/td>\n<td>1P_JAR<\/td>\n<td>Google<\/td>\n<td>Transf\u00e9rer des donn\u00e9es \u00e0 Google<\/td>\n<\/tr>\n<tr valign=\"top\">\n<td> Technique<\/td>\n<td>NID\n<p>&nbsp;<\/p>\n<p>HSID<\/p>\n<p>APISID<\/p>\n<p>SID<\/p>\n<p>SSID<\/p>\n<p>SAPISID<\/p>\n<\/td>\n<td>Google<\/td>\n<td>Lorsque vous cr\u00e9ez ou vous connectez \u00e0 un compte Google, les cookies NID, HSID, APISID, SID, SSID, SAPISID sont stock\u00e9s sur votre ordinateur afin de rester connect\u00e9 \u00e0 votre compte Google lorsque vous visitez \u00e0 nouveau leurs services. Pendant que vous restez avec cette session active et que vous utilisez des plugins sur d&rsquo;autres sites Web comme le n\u00f4tre, Google utilisera ces cookies pour am\u00e9liorer votre exp\u00e9rience utilisateur.<\/td>\n<\/tr>\n<\/tbody>\n<\/table>\n<p>&nbsp;<\/p>\n<h4> Comment puis-je d\u00e9sactiver les cookies ?<\/h4>\n<p>La plupart des navigateurs indiquent comment configurer votre navigateur pour qu&rsquo;il n&rsquo;accepte pas les cookies, pour qu&rsquo;il vous avertisse chaque fois que vous recevez un nouveau cookie, ainsi que pour les d\u00e9sactiver compl\u00e8tement. Pour contr\u00f4ler l&rsquo;utilisation que vous souhaitez faire de vos informations, vous pouvez configurer le navigateur de votre terminal de la mani\u00e8re qui vous semble la plus pratique.<br>Nous indiquons les liens suivants, o\u00f9 vous pouvez trouver plus d&rsquo;informations sur les diff\u00e9rents navigateurs :<\/p>\n<p> Chrome, <a href=\"https:\/\/support.google.com\/chrome\/answer\/95647?hl=es\" target=\"_blank\" rel=\"noopener noreferrer\">d&rsquo;ici<\/a><br> Explorer, <a href=\"https:\/\/support.microsoft.com\/es-es\/products\/windows?os=windows-10\" target=\"_blank\" rel=\"noopener noreferrer\">d&rsquo;ici<\/a><br> Firefox, <a href=\"https:\/\/support.mozilla.org\/es\/kb\/habilitar-y-deshabilitar-cookies-sitios-web-rastrear-preferencias?redirectlocale=es&amp;redirectslug=habilitar-y-deshabilitar-cookies-que-los-sitios-we\" target=\"_blank\" rel=\"noopener noreferrer\">d&rsquo;ici<\/a><br> Safari, <a href=\"https:\/\/support.apple.com\/kb\/ph5042?locale=es_ES\">d&rsquo;ici<\/a><br> Opera, <a href=\"https:\/\/www.opera.com\/help\/tutorials\/security\/privacy\/\" target=\"_blank\" rel=\"noopener noreferrer\">d&rsquo;ici<\/a><\/p>\n<p>Si vous souhaitez ne pas \u00eatre suivi par les cookies de Google Analytics, Google a d\u00e9velopp\u00e9 un plugin \u00e0 installer dans votre navigateur auquel vous pouvez acc\u00e9der au lien suivant : <a href=\"http:\/\/goo.gl\/up4ND\" target=\"_blank\" rel=\"noopener noreferrer\">http:\/\/goo.gl\/up4ND<\/a><\/p>\n<p>casonasdeavellaneda.es n&rsquo;est pas responsable du contenu et de la v\u00e9racit\u00e9 des politiques de confidentialit\u00e9 des tiers inclus dans cette politique de cookies.<\/p>\n","protected":false},"excerpt":{"rendered":"<p>TRAITEMENT DES DONN\u00c9ES PERSONNELLES Conform\u00e9ment aux dispositions de la loi organique 15\/1999 du 13 d\u00e9cembre sur la protection des donn\u00e9es personnelles et du nouveau r\u00e8glement g\u00e9n\u00e9ral sur la protection des donn\u00e9es (RGPD), Nuria Garc\u00eda Gonz\u00e1lez avec DNI 45431489A vous informe que les donn\u00e9es collect\u00e9es dans le Formulaire de contact ont \u00e9t\u00e9 obtenues l\u00e9gitimement et ont&hellip;<\/p>\n","protected":false},"author":1,"featured_media":0,"parent":0,"menu_order":0,"comment_status":"closed","ping_status":"open","template":"","meta":{"_monsterinsights_skip_tracking":false,"_monsterinsights_sitenote_active":false,"_monsterinsights_sitenote_note":"","_monsterinsights_sitenote_category":0,"_joinchat":[],"footnotes":""},"class_list":["post-2888","page","type-page","status-publish","hentry","description-off"],"yoast_head":"<!-- This site is optimized with the Yoast SEO plugin v25.3 - https:\/\/yoast.com\/wordpress\/plugins\/seo\/ -->\n<title>Politique de confidentialit\u00e9 - Casonas de Avellaneda<\/title>\n<meta name=\"robots\" content=\"index, follow, max-snippet:-1, max-image-preview:large, max-video-preview:-1\" \/>\n<link rel=\"canonical\" href=\"https:\/\/casonasdeavellaneda.es\/fr\/politique-de-confidentialite\/\" \/>\n<meta property=\"og:locale\" content=\"fr_FR\" \/>\n<meta property=\"og:type\" content=\"article\" \/>\n<meta property=\"og:title\" content=\"Politique de confidentialit\u00e9 - Casonas de Avellaneda\" \/>\n<meta property=\"og:description\" content=\"TRAITEMENT DES DONN\u00c9ES PERSONNELLES Conform\u00e9ment aux dispositions de la loi organique 15\/1999 du 13 d\u00e9cembre sur la protection des donn\u00e9es personnelles et du nouveau r\u00e8glement g\u00e9n\u00e9ral sur la protection des donn\u00e9es (RGPD), Nuria Garc\u00eda Gonz\u00e1lez avec DNI 45431489A vous informe que les donn\u00e9es collect\u00e9es dans le Formulaire de contact ont \u00e9t\u00e9 obtenues l\u00e9gitimement et ont&hellip;\" \/>\n<meta property=\"og:url\" content=\"https:\/\/casonasdeavellaneda.es\/fr\/politique-de-confidentialite\/\" \/>\n<meta property=\"og:site_name\" content=\"Casonas de Avellaneda\" \/>\n<meta property=\"article:publisher\" content=\"https:\/\/www.facebook.com\/casonasdeavellaneda\/\" \/>\n<meta property=\"article:modified_time\" content=\"2023-05-04T09:10:18+00:00\" \/>\n<meta name=\"twitter:card\" content=\"summary_large_image\" \/>\n<meta name=\"twitter:label1\" content=\"Dur\u00e9e de lecture estim\u00e9e\" \/>\n\t<meta name=\"twitter:data1\" content=\"5 minutes\" \/>\n<script type=\"application\/ld+json\" class=\"yoast-schema-graph\">{\"@context\":\"https:\/\/schema.org\",\"@graph\":[{\"@type\":\"WebPage\",\"@id\":\"https:\/\/casonasdeavellaneda.es\/fr\/politique-de-confidentialite\/\",\"url\":\"https:\/\/casonasdeavellaneda.es\/fr\/politique-de-confidentialite\/\",\"name\":\"Politique de confidentialit\u00e9 - Casonas de Avellaneda\",\"isPartOf\":{\"@id\":\"https:\/\/casonasdeavellaneda.es\/fr\/#website\"},\"datePublished\":\"2023-04-19T12:28:59+00:00\",\"dateModified\":\"2023-05-04T09:10:18+00:00\",\"breadcrumb\":{\"@id\":\"https:\/\/casonasdeavellaneda.es\/fr\/politique-de-confidentialite\/#breadcrumb\"},\"inLanguage\":\"fr-FR\",\"potentialAction\":[{\"@type\":\"ReadAction\",\"target\":[\"https:\/\/casonasdeavellaneda.es\/fr\/politique-de-confidentialite\/\"]}]},{\"@type\":\"BreadcrumbList\",\"@id\":\"https:\/\/casonasdeavellaneda.es\/fr\/politique-de-confidentialite\/#breadcrumb\",\"itemListElement\":[{\"@type\":\"ListItem\",\"position\":1,\"name\":\"Portada\",\"item\":\"http:\/\/casonasdeavellaneda.es\/fr\/\"},{\"@type\":\"ListItem\",\"position\":2,\"name\":\"Politique de confidentialit\u00e9\"}]},{\"@type\":\"WebSite\",\"@id\":\"https:\/\/casonasdeavellaneda.es\/fr\/#website\",\"url\":\"https:\/\/casonasdeavellaneda.es\/fr\/\",\"name\":\"Casonas de Avellaneda\",\"description\":\"\",\"publisher\":{\"@id\":\"https:\/\/casonasdeavellaneda.es\/fr\/#organization\"},\"potentialAction\":[{\"@type\":\"SearchAction\",\"target\":{\"@type\":\"EntryPoint\",\"urlTemplate\":\"https:\/\/casonasdeavellaneda.es\/fr\/?s={search_term_string}\"},\"query-input\":{\"@type\":\"PropertyValueSpecification\",\"valueRequired\":true,\"valueName\":\"search_term_string\"}}],\"inLanguage\":\"fr-FR\"},{\"@type\":\"Organization\",\"@id\":\"https:\/\/casonasdeavellaneda.es\/fr\/#organization\",\"name\":\"Casonas de Avellaneda\",\"url\":\"https:\/\/casonasdeavellaneda.es\/fr\/\",\"logo\":{\"@type\":\"ImageObject\",\"inLanguage\":\"fr-FR\",\"@id\":\"https:\/\/casonasdeavellaneda.es\/fr\/#\/schema\/logo\/image\/\",\"url\":\"http:\/\/casonasdeavellaneda.es\/wp-content\/uploads\/2023\/04\/LogoTextoBlanco.png\",\"contentUrl\":\"http:\/\/casonasdeavellaneda.es\/wp-content\/uploads\/2023\/04\/LogoTextoBlanco.png\",\"width\":300,\"height\":120,\"caption\":\"Casonas de Avellaneda\"},\"image\":{\"@id\":\"https:\/\/casonasdeavellaneda.es\/fr\/#\/schema\/logo\/image\/\"},\"sameAs\":[\"https:\/\/www.facebook.com\/casonasdeavellaneda\/\",\"https:\/\/www.instagram.com\/casonasdeavellaneda\/\"]}]}<\/script>\n<!-- \/ Yoast SEO plugin. -->","yoast_head_json":{"title":"Politique de confidentialit\u00e9 - Casonas de Avellaneda","robots":{"index":"index","follow":"follow","max-snippet":"max-snippet:-1","max-image-preview":"max-image-preview:large","max-video-preview":"max-video-preview:-1"},"canonical":"https:\/\/casonasdeavellaneda.es\/fr\/politique-de-confidentialite\/","og_locale":"fr_FR","og_type":"article","og_title":"Politique de confidentialit\u00e9 - Casonas de Avellaneda","og_description":"TRAITEMENT DES DONN\u00c9ES PERSONNELLES Conform\u00e9ment aux dispositions de la loi organique 15\/1999 du 13 d\u00e9cembre sur la protection des donn\u00e9es personnelles et du nouveau r\u00e8glement g\u00e9n\u00e9ral sur la protection des donn\u00e9es (RGPD), Nuria Garc\u00eda Gonz\u00e1lez avec DNI 45431489A vous informe que les donn\u00e9es collect\u00e9es dans le Formulaire de contact ont \u00e9t\u00e9 obtenues l\u00e9gitimement et ont&hellip;","og_url":"https:\/\/casonasdeavellaneda.es\/fr\/politique-de-confidentialite\/","og_site_name":"Casonas de Avellaneda","article_publisher":"https:\/\/www.facebook.com\/casonasdeavellaneda\/","article_modified_time":"2023-05-04T09:10:18+00:00","twitter_card":"summary_large_image","twitter_misc":{"Dur\u00e9e de lecture estim\u00e9e":"5 minutes"},"schema":{"@context":"https:\/\/schema.org","@graph":[{"@type":"WebPage","@id":"https:\/\/casonasdeavellaneda.es\/fr\/politique-de-confidentialite\/","url":"https:\/\/casonasdeavellaneda.es\/fr\/politique-de-confidentialite\/","name":"Politique de confidentialit\u00e9 - Casonas de Avellaneda","isPartOf":{"@id":"https:\/\/casonasdeavellaneda.es\/fr\/#website"},"datePublished":"2023-04-19T12:28:59+00:00","dateModified":"2023-05-04T09:10:18+00:00","breadcrumb":{"@id":"https:\/\/casonasdeavellaneda.es\/fr\/politique-de-confidentialite\/#breadcrumb"},"inLanguage":"fr-FR","potentialAction":[{"@type":"ReadAction","target":["https:\/\/casonasdeavellaneda.es\/fr\/politique-de-confidentialite\/"]}]},{"@type":"BreadcrumbList","@id":"https:\/\/casonasdeavellaneda.es\/fr\/politique-de-confidentialite\/#breadcrumb","itemListElement":[{"@type":"ListItem","position":1,"name":"Portada","item":"http:\/\/casonasdeavellaneda.es\/fr\/"},{"@type":"ListItem","position":2,"name":"Politique de confidentialit\u00e9"}]},{"@type":"WebSite","@id":"https:\/\/casonasdeavellaneda.es\/fr\/#website","url":"https:\/\/casonasdeavellaneda.es\/fr\/","name":"Casonas de Avellaneda","description":"","publisher":{"@id":"https:\/\/casonasdeavellaneda.es\/fr\/#organization"},"potentialAction":[{"@type":"SearchAction","target":{"@type":"EntryPoint","urlTemplate":"https:\/\/casonasdeavellaneda.es\/fr\/?s={search_term_string}"},"query-input":{"@type":"PropertyValueSpecification","valueRequired":true,"valueName":"search_term_string"}}],"inLanguage":"fr-FR"},{"@type":"Organization","@id":"https:\/\/casonasdeavellaneda.es\/fr\/#organization","name":"Casonas de Avellaneda","url":"https:\/\/casonasdeavellaneda.es\/fr\/","logo":{"@type":"ImageObject","inLanguage":"fr-FR","@id":"https:\/\/casonasdeavellaneda.es\/fr\/#\/schema\/logo\/image\/","url":"http:\/\/casonasdeavellaneda.es\/wp-content\/uploads\/2023\/04\/LogoTextoBlanco.png","contentUrl":"http:\/\/casonasdeavellaneda.es\/wp-content\/uploads\/2023\/04\/LogoTextoBlanco.png","width":300,"height":120,"caption":"Casonas de Avellaneda"},"image":{"@id":"https:\/\/casonasdeavellaneda.es\/fr\/#\/schema\/logo\/image\/"},"sameAs":["https:\/\/www.facebook.com\/casonasdeavellaneda\/","https:\/\/www.instagram.com\/casonasdeavellaneda\/"]}]}},"_links":{"self":[{"href":"https:\/\/casonasdeavellaneda.es\/fr\/wp-json\/wp\/v2\/pages\/2888","targetHints":{"allow":["GET"]}}],"collection":[{"href":"https:\/\/casonasdeavellaneda.es\/fr\/wp-json\/wp\/v2\/pages"}],"about":[{"href":"https:\/\/casonasdeavellaneda.es\/fr\/wp-json\/wp\/v2\/types\/page"}],"author":[{"embeddable":true,"href":"https:\/\/casonasdeavellaneda.es\/fr\/wp-json\/wp\/v2\/users\/1"}],"replies":[{"embeddable":true,"href":"https:\/\/casonasdeavellaneda.es\/fr\/wp-json\/wp\/v2\/comments?post=2888"}],"version-history":[{"count":1,"href":"https:\/\/casonasdeavellaneda.es\/fr\/wp-json\/wp\/v2\/pages\/2888\/revisions"}],"predecessor-version":[{"id":2889,"href":"https:\/\/casonasdeavellaneda.es\/fr\/wp-json\/wp\/v2\/pages\/2888\/revisions\/2889"}],"wp:attachment":[{"href":"https:\/\/casonasdeavellaneda.es\/fr\/wp-json\/wp\/v2\/media?parent=2888"}],"curies":[{"name":"wp","href":"https:\/\/api.w.org\/{rel}","templated":true}]}}